



{"id":46,"date":"2025-09-29T11:20:57","date_gmt":"2025-09-29T11:20:57","guid":{"rendered":"https:\/\/www.ersthelfersymposium.ch\/new\/?page_id=46"},"modified":"2025-11-07T15:14:04","modified_gmt":"2025-11-07T15:14:04","slug":"inscription","status":"publish","type":"page","link":"https:\/\/ersthelfersymposium.ch\/?page_id=46&lang=fr","title":{"rendered":"Inscription"},"content":{"rendered":"\n<h4 class=\"wp-block-heading\">Les membres de l&#8217;ASSE b\u00e9n\u00e9ficient d&#8217;un tarif pr\u00e9f\u00e9rentiel de 110 CHF. Pour en profiter, veuillez envoyer un e-mail \u00e0 <a href=\"mailto:booking@ersthelfersymposium.ch\">booking@ersthelfersymposium.ch<\/a>.<\/h4>\n\n\n\n<script src=\"https:\/\/embed.eventfrog.ch\/api\/scripts\/embed\/event.js\"><\/script><iframe loading=\"lazy\" width=\"100%\" height=\"400\" src=\"https:\/\/embed.eventfrog.ch\/fr\/p\/cours-seminaires\/education-sociale-continue\/ersthelfer-symposium-2026-7379411385011178799.html?color=60BF00&#038;infobox=0&#038;description=0&#038;location=0&#038;organisator=0&#038;sponsors=0\"><\/iframe>\n\n\n\n<h4 class=\"wp-block-heading\">Si tu as besoin de plusieurs billets et d&#8217;une facture, contacte directement&nbsp;<a href=\"mailto:booking@ersthelfersymposium.ch\">booking@ersthelfersymposium.ch.<\/a><\/h4>\n\n\n\n<p>Nous tenons \u00e0 souligner que le remboursement de billets d\u00e9j\u00e0 achet\u00e9s via Eventfrog n\u2019est possible que dans des cas exceptionnels. Le remboursement de billets au tarif membre n\u2019est malheureusement pas possible. Nous vous remercions de votre compr\u00e9hension et restons \u00e0 votre disposition pour toute question compl\u00e9mentaire.<\/p>\n\n\n\n<p><\/p>\n","protected":false},"excerpt":{"rendered":"<p>Les membres de l&#8217;ASSE b\u00e9n\u00e9ficient d&#8217;un tarif pr\u00e9f\u00e9rentiel de 110 CHF. Pour en profiter, veuillez envoyer un e-mail \u00e0 booking@ersthelfersymposium.ch. Si tu as besoin de plusieurs billets et d&#8217;une facture, contacte directement&nbsp;booking@ersthelfersymposium.ch. Nous tenons \u00e0 souligner que le remboursement de billets d\u00e9j\u00e0 achet\u00e9s via Eventfrog n\u2019est possible que dans des cas exceptionnels. Le remboursement de [&hellip;]<\/p>\n","protected":false},"author":1,"featured_media":0,"parent":0,"menu_order":0,"comment_status":"closed","ping_status":"closed","template":"","meta":{"_acf_changed":false,"footnotes":""},"class_list":["post-46","page","type-page","status-publish","hentry"],"acf":[],"publishpress_future_action":{"enabled":false,"date":"2026-05-07 17:06:31","action":"change-status","newStatus":"draft","terms":[],"taxonomy":"language","extraData":[]},"publishpress_future_workflow_manual_trigger":{"enabledWorkflows":[]},"_links":{"self":[{"href":"https:\/\/ersthelfersymposium.ch\/index.php?rest_route=\/wp\/v2\/pages\/46","targetHints":{"allow":["GET"]}}],"collection":[{"href":"https:\/\/ersthelfersymposium.ch\/index.php?rest_route=\/wp\/v2\/pages"}],"about":[{"href":"https:\/\/ersthelfersymposium.ch\/index.php?rest_route=\/wp\/v2\/types\/page"}],"author":[{"embeddable":true,"href":"https:\/\/ersthelfersymposium.ch\/index.php?rest_route=\/wp\/v2\/users\/1"}],"replies":[{"embeddable":true,"href":"https:\/\/ersthelfersymposium.ch\/index.php?rest_route=%2Fwp%2Fv2%2Fcomments&post=46"}],"version-history":[{"count":7,"href":"https:\/\/ersthelfersymposium.ch\/index.php?rest_route=\/wp\/v2\/pages\/46\/revisions"}],"predecessor-version":[{"id":1653,"href":"https:\/\/ersthelfersymposium.ch\/index.php?rest_route=\/wp\/v2\/pages\/46\/revisions\/1653"}],"wp:attachment":[{"href":"https:\/\/ersthelfersymposium.ch\/index.php?rest_route=%2Fwp%2Fv2%2Fmedia&parent=46"}],"curies":[{"name":"wp","href":"https:\/\/api.w.org\/{rel}","templated":true}]}}