



{"id":49,"date":"2025-09-29T11:21:22","date_gmt":"2025-09-29T11:21:22","guid":{"rendered":"https:\/\/www.ersthelfersymposium.ch\/new\/?page_id=49"},"modified":"2025-11-09T10:19:42","modified_gmt":"2025-11-09T10:19:42","slug":"programme","status":"publish","type":"page","link":"https:\/\/ersthelfersymposium.ch\/?page_id=49&lang=fr","title":{"rendered":"Programme"},"content":{"rendered":"\n<div class=\"wp-block-columns is-layout-flex wp-container-core-columns-is-layout-9d6595d7 wp-block-columns-is-layout-flex\">\n<div class=\"wp-block-column is-layout-flow wp-block-column-is-layout-flow\">\n<figure class=\"wp-block-table\"><table class=\"has-fixed-layout\"><thead><tr><th class=\"has-text-align-left\" data-align=\"left\">Quand<\/th><th class=\"has-text-align-left\" data-align=\"left\">Quoi&nbsp; &nbsp; &nbsp; &nbsp; &nbsp; &nbsp; &nbsp; &nbsp; &nbsp; &nbsp; &nbsp; &nbsp;<\/th><\/tr><\/thead><tbody><tr><td class=\"has-text-align-left\" data-align=\"left\">\u00c0 partir de 8h15<\/td><td class=\"has-text-align-left\" data-align=\"left\">Arriv\u00e9e des participants \/ Exposition au foyer<\/td><\/tr><tr><td class=\"has-text-align-left\" data-align=\"left\">9h \u00e0 9h15<\/td><td class=\"has-text-align-left\" data-align=\"left\">Mot de bienvenue<\/td><\/tr><tr><td class=\"has-text-align-left\" data-align=\"left\"><strong>9h15 \u00e0 10h15<\/strong><\/td><td class=\"has-text-align-left\" data-align=\"left\"><strong>Expos\u00e9 <\/strong>1<\/td><\/tr><tr><td class=\"has-text-align-left\" data-align=\"left\">10h15 \u00e0 10h45&nbsp;<\/td><td class=\"has-text-align-left\" data-align=\"left\">Pause \/ Exposition au foyer<\/td><\/tr><tr><td class=\"has-text-align-left\" data-align=\"left\"><strong>10h45 \u00e0 11h45&nbsp;<\/strong><\/td><td class=\"has-text-align-left\" data-align=\"left\"><strong>Expos\u00e9 2<\/strong><\/td><\/tr><tr><td class=\"has-text-align-left\" data-align=\"left\">11h45 \u00e0 12h00&nbsp;<\/td><td class=\"has-text-align-left\" data-align=\"left\">SVBS Award<\/td><\/tr><tr><td class=\"has-text-align-left\" data-align=\"left\">12h00 \u00e0 13h15&nbsp;<\/td><td class=\"has-text-align-left\" data-align=\"left\">D\u00e9jeuner \/ Exposition au foyer<\/td><\/tr><tr><td class=\"has-text-align-left\" data-align=\"left\"><strong>13h15&nbsp; \u00e0 14h15&nbsp;<\/strong><\/td><td class=\"has-text-align-left\" data-align=\"left\"><strong>Expos\u00e9 3<\/strong><\/td><\/tr><tr><td class=\"has-text-align-left\" data-align=\"left\">14h15 \u00e0 14h45&nbsp;<\/td><td class=\"has-text-align-left\" data-align=\"left\">Pause \/ Exposition au foyer<\/td><\/tr><tr><td class=\"has-text-align-left\" data-align=\"left\"><strong>14h45&nbsp;\u00e0 15h45<\/strong><\/td><td class=\"has-text-align-left\" data-align=\"left\"><strong>Expos\u00e9 4<\/strong><\/td><\/tr><tr><td class=\"has-text-align-left\" data-align=\"left\">15h45&nbsp;<\/td><td class=\"has-text-align-left\" data-align=\"left\">Mot de la fin<\/td><\/tr><tr><td class=\"has-text-align-left\" data-align=\"left\">16h00<\/td><td class=\"has-text-align-left\" data-align=\"left\">Fin de l&#8217;\u00e9v\u00e9nement<\/td><\/tr><\/tbody><\/table><\/figure>\n<\/div>\n\n\n\n<div class=\"wp-block-column is-layout-flow wp-block-column-is-layout-flow\"><\/div>\n<\/div>\n","protected":false},"excerpt":{"rendered":"<p>Quand Quoi&nbsp; &nbsp; &nbsp; &nbsp; &nbsp; &nbsp; &nbsp; &nbsp; &nbsp; &nbsp; &nbsp; &nbsp; \u00c0 partir de 8h15 Arriv\u00e9e des participants \/ Exposition au foyer 9h \u00e0 9h15 Mot de bienvenue 9h15 \u00e0 10h15 Expos\u00e9 1 10h15 \u00e0 10h45&nbsp; Pause \/ Exposition au foyer 10h45 \u00e0 11h45&nbsp; Expos\u00e9 2 11h45 \u00e0 12h00&nbsp; SVBS Award 12h00 \u00e0 [&hellip;]<\/p>\n","protected":false},"author":1,"featured_media":0,"parent":0,"menu_order":0,"comment_status":"closed","ping_status":"closed","template":"","meta":{"_acf_changed":false,"footnotes":""},"class_list":["post-49","page","type-page","status-publish","hentry"],"acf":[],"publishpress_future_action":{"enabled":false,"date":"2026-05-07 21:17:46","action":"change-status","newStatus":"draft","terms":[],"taxonomy":"language","extraData":[]},"publishpress_future_workflow_manual_trigger":{"enabledWorkflows":[]},"_links":{"self":[{"href":"https:\/\/ersthelfersymposium.ch\/index.php?rest_route=\/wp\/v2\/pages\/49","targetHints":{"allow":["GET"]}}],"collection":[{"href":"https:\/\/ersthelfersymposium.ch\/index.php?rest_route=\/wp\/v2\/pages"}],"about":[{"href":"https:\/\/ersthelfersymposium.ch\/index.php?rest_route=\/wp\/v2\/types\/page"}],"author":[{"embeddable":true,"href":"https:\/\/ersthelfersymposium.ch\/index.php?rest_route=\/wp\/v2\/users\/1"}],"replies":[{"embeddable":true,"href":"https:\/\/ersthelfersymposium.ch\/index.php?rest_route=%2Fwp%2Fv2%2Fcomments&post=49"}],"version-history":[{"count":4,"href":"https:\/\/ersthelfersymposium.ch\/index.php?rest_route=\/wp\/v2\/pages\/49\/revisions"}],"predecessor-version":[{"id":1701,"href":"https:\/\/ersthelfersymposium.ch\/index.php?rest_route=\/wp\/v2\/pages\/49\/revisions\/1701"}],"wp:attachment":[{"href":"https:\/\/ersthelfersymposium.ch\/index.php?rest_route=%2Fwp%2Fv2%2Fmedia&parent=49"}],"curies":[{"name":"wp","href":"https:\/\/api.w.org\/{rel}","templated":true}]}}